{"id":84,"date":"2026-02-10T19:47:28","date_gmt":"2026-02-10T18:47:28","guid":{"rendered":"https:\/\/foerderverein-knowledge.de\/?page_id=84"},"modified":"2026-02-10T19:47:47","modified_gmt":"2026-02-10T18:47:47","slug":"gruendung-2-2","status":"publish","type":"page","link":"https:\/\/foerderverein-knowledge.de\/?page_id=84","title":{"rendered":"Gr\u00fcndung"},"content":{"rendered":"\n<figure class=\"wp-block-gallery has-nested-images columns-default is-cropped wp-block-gallery-1 is-layout-flex wp-block-gallery-is-layout-flex\">\n<figure class=\"wp-block-image size-large\"><img loading=\"lazy\" decoding=\"async\" width=\"1330\" height=\"857\" data-id=\"56\" src=\"https:\/\/foerderverein-knowledge.de\/wp-content\/uploads\/2026\/02\/gruender_foto.png\" alt=\"Gr\u00fcnderfoto\" class=\"wp-image-56\"\/><\/figure>\n<\/figure>\n\n\n\n<p>Am 22.12.2025 gr\u00fcndeten wir unseren F\u00f6rderverein der Knowledge International School in Yaound\u00e9 e.V. . Seitdem 03.02.2026 ist der Verein in das Vereinsregister erfolgreich des Amtsgerichts Arnsberg eingetragen.<\/p>\n\n\n\n<p>Gr\u00fcndungsmitglieder (v.l.n.r):<\/p>\n\n\n\n<ul class=\"wp-block-list\">\n<li>Bilga Mich\u00e8le Medjeu Djiokou<\/li>\n\n\n\n<li>Abisha Djiokou-Schmidt<\/li>\n\n\n\n<li>Imke Jacobs<\/li>\n\n\n\n<li>Sarah Meyer<\/li>\n\n\n\n<li>Annalena Kleineberg<\/li>\n\n\n\n<li>Ebru Aral<\/li>\n\n\n\n<li>Christoph Hentschel<\/li>\n\n\n\n<li>Hendrik Heisler<\/li>\n<\/ul>\n","protected":false},"excerpt":{"rendered":"<p>Am 22.12.2025 gr\u00fcndeten wir unseren F\u00f6rderverein der Knowledge International School in Yaound\u00e9 e.V. . Seitdem 03.02.2026 ist der Verein in das Vereinsregister erfolgreich des Amtsgerichts Arnsberg eingetragen. Gr\u00fcndungsmitglieder (v.l.n.r):<\/p>\n","protected":false},"author":1,"featured_media":0,"parent":0,"menu_order":0,"comment_status":"closed","ping_status":"closed","template":"","meta":{"footnotes":""},"class_list":["post-84","page","type-page","status-publish","hentry"],"_links":{"self":[{"href":"https:\/\/foerderverein-knowledge.de\/index.php?rest_route=\/wp\/v2\/pages\/84","targetHints":{"allow":["GET"]}}],"collection":[{"href":"https:\/\/foerderverein-knowledge.de\/index.php?rest_route=\/wp\/v2\/pages"}],"about":[{"href":"https:\/\/foerderverein-knowledge.de\/index.php?rest_route=\/wp\/v2\/types\/page"}],"author":[{"embeddable":true,"href":"https:\/\/foerderverein-knowledge.de\/index.php?rest_route=\/wp\/v2\/users\/1"}],"replies":[{"embeddable":true,"href":"https:\/\/foerderverein-knowledge.de\/index.php?rest_route=%2Fwp%2Fv2%2Fcomments&post=84"}],"version-history":[{"count":2,"href":"https:\/\/foerderverein-knowledge.de\/index.php?rest_route=\/wp\/v2\/pages\/84\/revisions"}],"predecessor-version":[{"id":86,"href":"https:\/\/foerderverein-knowledge.de\/index.php?rest_route=\/wp\/v2\/pages\/84\/revisions\/86"}],"wp:attachment":[{"href":"https:\/\/foerderverein-knowledge.de\/index.php?rest_route=%2Fwp%2Fv2%2Fmedia&parent=84"}],"curies":[{"name":"wp","href":"https:\/\/api.w.org\/{rel}","templated":true}]}}