{"id":39,"date":"2026-02-09T20:37:37","date_gmt":"2026-02-09T19:37:37","guid":{"rendered":"http:\/\/77.42.81.240\/?page_id=39"},"modified":"2026-02-12T19:54:05","modified_gmt":"2026-02-12T18:54:05","slug":"vorstand","status":"publish","type":"page","link":"https:\/\/foerderverein-knowledge.de\/?page_id=39","title":{"rendered":"Vorstand"},"content":{"rendered":"\n<p><strong>Annalena Kleineberg (Vorsitzende)<\/strong><\/p>\n\n\n\n<figure class=\"wp-block-image size-full is-resized\"><img loading=\"lazy\" decoding=\"async\" width=\"532\" height=\"800\" src=\"https:\/\/foerderverein-knowledge.de\/wp-content\/uploads\/2026\/02\/annalena.png\" alt=\"\" class=\"wp-image-90\" style=\"aspect-ratio:0.6709229920390951;width:217px;height:auto\"\/><\/figure>\n\n\n\n<p>Hallo, mein Name ist Annalena und ich wohne gemeinsam mit meiner Familie in Soest.<br>F\u00fcr uns in Deutschland ist es eine Selbstverst\u00e4ndlichkeit Zugang zu Bildung zu haben. Bei meinen zwei Reisen nach Kamerun wurde mir deutlich, dass dies leider nicht \u00fcberall so ist. W\u00e4hrend beiden Reisen habe ich die Knowledge International School besucht und es hat mich fasziniert, welche Entwicklung die Schule in dem Jahren gemacht hat. Trotzdem war sichtbar, wie viele Dinge vor Ort noch zutun sind. Zur\u00fcck in Deutschland wurde mir bewusst, dass wir gemeinsam die Schule viel mehr erreichen k\u00f6nnen. Daher freue ich mich riesig, dass wir es gemeinsam geschafft haben den F\u00f6rderverein f\u00fcr die Knowledge International School zu gr\u00fcnden und zuk\u00fcnftig die Kinder, Jugendliche und Lehrkr\u00e4fte st\u00e4rker und langfristig zu unterst\u00fctzen .<\/p>\n\n\n\n<p><strong>Imke Jakobs (Kassiererin)<\/strong><\/p>\n\n\n\n<figure class=\"wp-block-image size-full is-resized\"><img loading=\"lazy\" decoding=\"async\" width=\"768\" height=\"1024\" src=\"https:\/\/foerderverein-knowledge.de\/wp-content\/uploads\/2026\/02\/Imke.png\" alt=\"\" class=\"wp-image-91\" style=\"aspect-ratio:0.7542997542997543;width:216px;height:auto\"\/><\/figure>\n\n\n\n<p>Hallo zusammen,<br>ich bin Imke, arbeite in der Verwaltung und freue mich, dass ich den F\u00f6rderverein als Kassiererin unterst\u00fctzen darf. Mir liegt Bildung als Schl\u00fcssel zu pers\u00f6nlicher Entwicklung und gesellschaftlichem Fortschritt besonders am Herzen und die Arbeit des F\u00f6rdervereins bietet die M\u00f6glichkeit, ein tolles Bildungsprojekt zu unterst\u00fctzen und Kindern sowie Jugendlichen bessere Lernbedingungen zu erm\u00f6glichen. Durch meine pers\u00f6nlichen Besuche der International Knowledge School in Yaound\u00e9 konnte ich feststellen, wie sch\u00f6n meine Schule ist und was f\u00fcr einen gro\u00dfen Einfluss f\u00fcr uns kleine Ma\u00dfnahmen haben k\u00f6nnen.<\/p>\n\n\n\n<p><strong>Bilga Djiokou (Stellv. Vorsitzende)<\/strong><\/p>\n\n\n\n<figure class=\"wp-block-image size-full is-resized\"><img loading=\"lazy\" decoding=\"async\" width=\"600\" height=\"800\" src=\"https:\/\/foerderverein-knowledge.de\/wp-content\/uploads\/2026\/02\/Bilga.png\" alt=\"\" class=\"wp-image-92\" style=\"aspect-ratio:0.754405610891731;width:217px;height:auto\"\/><\/figure>\n\n\n\n<p>Hallo, ich bin Bilga.<br>Ich bin in Kamerun geboren und habe fr\u00fch gelernt, wie entscheidend Bildung f\u00fcr pers\u00f6nliche Entwicklung und echte Zukunftschancen ist. Aus dieser \u00dcberzeugung heraus engagiere ich mich im Vorstand unseres Vereins, der Spenden f\u00fcr die Knowledge International School in Yaound\u00e9 sammelt.<br>Unser Ziel ist es, Kindern einen Ort des Lernens zu erm\u00f6glichen, der Perspektiven schafft und langfristig wirkt. F\u00fcr mich ist Bildung kein Privileg, sondern eine Grundlage \u2013 und genau daf\u00fcr setzen wir uns gemeinsam ein.<\/p>\n","protected":false},"excerpt":{"rendered":"<p>Annalena Kleineberg (Vorsitzende) Hallo, mein Name ist Annalena und ich wohne gemeinsam mit meiner Familie in Soest.F\u00fcr uns in Deutschland ist es eine Selbstverst\u00e4ndlichkeit Zugang zu Bildung zu haben. Bei meinen zwei Reisen nach Kamerun wurde mir deutlich, dass dies &hellip; <a href=\"https:\/\/foerderverein-knowledge.de\/?page_id=39\">Weiterlesen <span class=\"meta-nav\">&rarr;<\/span><\/a><\/p>\n","protected":false},"author":1,"featured_media":0,"parent":0,"menu_order":0,"comment_status":"closed","ping_status":"closed","template":"","meta":{"footnotes":""},"class_list":["post-39","page","type-page","status-publish","hentry"],"_links":{"self":[{"href":"https:\/\/foerderverein-knowledge.de\/index.php?rest_route=\/wp\/v2\/pages\/39","targetHints":{"allow":["GET"]}}],"collection":[{"href":"https:\/\/foerderverein-knowledge.de\/index.php?rest_route=\/wp\/v2\/pages"}],"about":[{"href":"https:\/\/foerderverein-knowledge.de\/index.php?rest_route=\/wp\/v2\/types\/page"}],"author":[{"embeddable":true,"href":"https:\/\/foerderverein-knowledge.de\/index.php?rest_route=\/wp\/v2\/users\/1"}],"replies":[{"embeddable":true,"href":"https:\/\/foerderverein-knowledge.de\/index.php?rest_route=%2Fwp%2Fv2%2Fcomments&post=39"}],"version-history":[{"count":8,"href":"https:\/\/foerderverein-knowledge.de\/index.php?rest_route=\/wp\/v2\/pages\/39\/revisions"}],"predecessor-version":[{"id":119,"href":"https:\/\/foerderverein-knowledge.de\/index.php?rest_route=\/wp\/v2\/pages\/39\/revisions\/119"}],"wp:attachment":[{"href":"https:\/\/foerderverein-knowledge.de\/index.php?rest_route=%2Fwp%2Fv2%2Fmedia&parent=39"}],"curies":[{"name":"wp","href":"https:\/\/api.w.org\/{rel}","templated":true}]}}