{"id":38,"date":"2026-02-09T20:37:37","date_gmt":"2026-02-09T19:37:37","guid":{"rendered":"http:\/\/77.42.81.240\/?page_id=38"},"modified":"2026-02-16T12:46:39","modified_gmt":"2026-02-16T11:46:39","slug":"unser-verein","status":"publish","type":"page","link":"https:\/\/foerderverein-knowledge.de\/?page_id=38","title":{"rendered":"Unser Verein"},"content":{"rendered":"\n<p>Gemeinsam m\u00f6chten wir die Kinder, Jugendlichen und Lehrkr\u00e4fte der Knowledge International School in Kamerun unterst\u00fctzen.<br>\u00dcber Mitgliedsbeitr\u00e4ge und Spendenaktionen sammeln wir finanzielle Mittel, um wichtige Schulprojekte nachhaltig zu realisieren. Gleichzeitig m\u00f6chten wir in Deutschland \u00fcber die Schule und den Alltag der Sch\u00fclerinnen und Sch\u00fcler in Kamerun informieren und langfristige Partnerschaften aufbauen.<br>Zu den Projekten, die wir gemeinsam umsetzen m\u00f6chten, z\u00e4hlen unter anderem der Ausbau des Schulneubaus, die Installation eines Wasserfilters, die Errichtung eines sicheren Schulzauns sowie die Unterst\u00fctzung bei Schulgeb\u00fchren und Lernmaterialien. Wir sind \u00fcberzeugt, dass Investitionen weit aus \u00fcber das Klassenzimmer hinaus wirken. Mit unserem Verein m\u00f6chten wir langfristige Perspektiven schaffen.<\/p>\n","protected":false},"excerpt":{"rendered":"<p>Gemeinsam m\u00f6chten wir die Kinder, Jugendlichen und Lehrkr\u00e4fte der Knowledge International School in Kamerun unterst\u00fctzen.\u00dcber Mitgliedsbeitr\u00e4ge und Spendenaktionen sammeln wir finanzielle Mittel, um wichtige Schulprojekte nachhaltig zu realisieren. Gleichzeitig m\u00f6chten wir in Deutschland \u00fcber die Schule und den Alltag der &hellip; <a href=\"https:\/\/foerderverein-knowledge.de\/?page_id=38\">Weiterlesen <span class=\"meta-nav\">&rarr;<\/span><\/a><\/p>\n","protected":false},"author":1,"featured_media":0,"parent":0,"menu_order":0,"comment_status":"closed","ping_status":"closed","template":"","meta":{"footnotes":""},"class_list":["post-38","page","type-page","status-publish","hentry"],"_links":{"self":[{"href":"https:\/\/foerderverein-knowledge.de\/index.php?rest_route=\/wp\/v2\/pages\/38","targetHints":{"allow":["GET"]}}],"collection":[{"href":"https:\/\/foerderverein-knowledge.de\/index.php?rest_route=\/wp\/v2\/pages"}],"about":[{"href":"https:\/\/foerderverein-knowledge.de\/index.php?rest_route=\/wp\/v2\/types\/page"}],"author":[{"embeddable":true,"href":"https:\/\/foerderverein-knowledge.de\/index.php?rest_route=\/wp\/v2\/users\/1"}],"replies":[{"embeddable":true,"href":"https:\/\/foerderverein-knowledge.de\/index.php?rest_route=%2Fwp%2Fv2%2Fcomments&post=38"}],"version-history":[{"count":7,"href":"https:\/\/foerderverein-knowledge.de\/index.php?rest_route=\/wp\/v2\/pages\/38\/revisions"}],"predecessor-version":[{"id":140,"href":"https:\/\/foerderverein-knowledge.de\/index.php?rest_route=\/wp\/v2\/pages\/38\/revisions\/140"}],"wp:attachment":[{"href":"https:\/\/foerderverein-knowledge.de\/index.php?rest_route=%2Fwp%2Fv2%2Fmedia&parent=38"}],"curies":[{"name":"wp","href":"https:\/\/api.w.org\/{rel}","templated":true}]}}