{"id":37,"date":"2026-02-09T20:37:37","date_gmt":"2026-02-09T19:37:37","guid":{"rendered":"http:\/\/77.42.81.240\/?page_id=37"},"modified":"2026-02-10T20:07:01","modified_gmt":"2026-02-10T19:07:01","slug":"die-schule","status":"publish","type":"page","link":"https:\/\/foerderverein-knowledge.de\/?page_id=37","title":{"rendered":"Die Schule"},"content":{"rendered":"\n<p>Die Schule liegt in der Hauptstadt des zentralafrikanischen Landes Kamerun.<\/p>\n\n\n\n<p>Derzeit werden dort 380 Kinder im Alter von 3- 18 Jahren betreut und unterrichtet. Insgesamt k\u00fcmmern sich 17 Lehrkr\u00e4fte und sieben Erg\u00e4nzungskr\u00e4fte um den Schul-\/Kindergartenalltag.<\/p>\n\n\n\n<p><br>Es gibt einen Altbau, dieser wurde in Holzbauweise gebaut. Diese R\u00e4ume werden weiterhin genutzt. Ebenfalls gibt es einen Neubau, hier ist das Untergeschoss fertiggestellt. Aktuell l\u00e4uft der Weiterbau des ersten Stockwerks.<\/p>\n\n\n\n<p>Die Wasserversorgung in der Schule ist durch einen Brunnen und ein Wasserauffangbecken gesichert. Ziel ist hier ein Wasserfiltersystem zu errichten, um die Infektionsgefahr \u00fcber das verschmutzte Wasser zu reduzieren.<\/p>\n\n\n\n<figure class=\"wp-block-gallery has-nested-images columns-default is-cropped wp-block-gallery-1 is-layout-flex wp-block-gallery-is-layout-flex\">\n<figure class=\"wp-block-image size-large\"><img loading=\"lazy\" decoding=\"async\" width=\"1600\" height=\"720\" data-id=\"101\" src=\"https:\/\/foerderverein-knowledge.de\/wp-content\/uploads\/2026\/02\/schule_1.jpeg\" alt=\"\" class=\"wp-image-101\"\/><\/figure>\n\n\n\n<figure class=\"wp-block-image size-large\"><img loading=\"lazy\" decoding=\"async\" width=\"720\" height=\"1600\" data-id=\"102\" src=\"https:\/\/foerderverein-knowledge.de\/wp-content\/uploads\/2026\/02\/schule_2.jpeg\" alt=\"\" class=\"wp-image-102\"\/><\/figure>\n\n\n\n<figure class=\"wp-block-image size-large\"><img loading=\"lazy\" decoding=\"async\" width=\"1600\" height=\"720\" data-id=\"103\" src=\"https:\/\/foerderverein-knowledge.de\/wp-content\/uploads\/2026\/02\/schule_3.jpeg\" alt=\"\" class=\"wp-image-103\"\/><\/figure>\n\n\n\n<figure class=\"wp-block-image size-large\"><img loading=\"lazy\" decoding=\"async\" width=\"1600\" height=\"720\" data-id=\"104\" src=\"https:\/\/foerderverein-knowledge.de\/wp-content\/uploads\/2026\/02\/schule_4.jpeg\" alt=\"\" class=\"wp-image-104\"\/><\/figure>\n\n\n\n<figure class=\"wp-block-image size-large\"><img loading=\"lazy\" decoding=\"async\" width=\"1600\" height=\"1200\" data-id=\"105\" src=\"https:\/\/foerderverein-knowledge.de\/wp-content\/uploads\/2026\/02\/schule_5.jpeg\" alt=\"\" class=\"wp-image-105\"\/><\/figure>\n\n\n\n<figure class=\"wp-block-image size-large\"><img loading=\"lazy\" decoding=\"async\" width=\"1200\" height=\"1600\" data-id=\"106\" src=\"https:\/\/foerderverein-knowledge.de\/wp-content\/uploads\/2026\/02\/schule_6.jpeg\" alt=\"\" class=\"wp-image-106\"\/><\/figure>\n\n\n\n<figure class=\"wp-block-image size-large\"><img loading=\"lazy\" decoding=\"async\" width=\"2048\" height=\"922\" data-id=\"107\" src=\"https:\/\/foerderverein-knowledge.de\/wp-content\/uploads\/2026\/02\/schule_7.jpeg\" alt=\"\" class=\"wp-image-107\"\/><\/figure>\n\n\n\n<figure class=\"wp-block-image size-large\"><img loading=\"lazy\" decoding=\"async\" width=\"1600\" height=\"1200\" data-id=\"108\" src=\"https:\/\/foerderverein-knowledge.de\/wp-content\/uploads\/2026\/02\/schule_8.jpeg\" alt=\"\" class=\"wp-image-108\"\/><\/figure>\n<\/figure>\n","protected":false},"excerpt":{"rendered":"<p>Die Schule liegt in der Hauptstadt des zentralafrikanischen Landes Kamerun. Derzeit werden dort 380 Kinder im Alter von 3- 18 Jahren betreut und unterrichtet. Insgesamt k\u00fcmmern sich 17 Lehrkr\u00e4fte und sieben Erg\u00e4nzungskr\u00e4fte um den Schul-\/Kindergartenalltag. Es gibt einen Altbau, dieser &hellip; <a href=\"https:\/\/foerderverein-knowledge.de\/?page_id=37\">Weiterlesen <span class=\"meta-nav\">&rarr;<\/span><\/a><\/p>\n","protected":false},"author":1,"featured_media":0,"parent":0,"menu_order":0,"comment_status":"closed","ping_status":"closed","template":"","meta":{"footnotes":""},"class_list":["post-37","page","type-page","status-publish","hentry"],"_links":{"self":[{"href":"https:\/\/foerderverein-knowledge.de\/index.php?rest_route=\/wp\/v2\/pages\/37","targetHints":{"allow":["GET"]}}],"collection":[{"href":"https:\/\/foerderverein-knowledge.de\/index.php?rest_route=\/wp\/v2\/pages"}],"about":[{"href":"https:\/\/foerderverein-knowledge.de\/index.php?rest_route=\/wp\/v2\/types\/page"}],"author":[{"embeddable":true,"href":"https:\/\/foerderverein-knowledge.de\/index.php?rest_route=\/wp\/v2\/users\/1"}],"replies":[{"embeddable":true,"href":"https:\/\/foerderverein-knowledge.de\/index.php?rest_route=%2Fwp%2Fv2%2Fcomments&post=37"}],"version-history":[{"count":4,"href":"https:\/\/foerderverein-knowledge.de\/index.php?rest_route=\/wp\/v2\/pages\/37\/revisions"}],"predecessor-version":[{"id":109,"href":"https:\/\/foerderverein-knowledge.de\/index.php?rest_route=\/wp\/v2\/pages\/37\/revisions\/109"}],"wp:attachment":[{"href":"https:\/\/foerderverein-knowledge.de\/index.php?rest_route=%2Fwp%2Fv2%2Fmedia&parent=37"}],"curies":[{"name":"wp","href":"https:\/\/api.w.org\/{rel}","templated":true}]}}