{"id":130,"date":"2026-02-15T20:00:21","date_gmt":"2026-02-15T19:00:21","guid":{"rendered":"https:\/\/foerderverein-knowledge.de\/?page_id=130"},"modified":"2026-03-11T16:36:06","modified_gmt":"2026-03-11T15:36:06","slug":"mitgliedschaft-spenden","status":"publish","type":"page","link":"https:\/\/foerderverein-knowledge.de\/?page_id=130","title":{"rendered":"Mitgliedschaft &amp; Spenden"},"content":{"rendered":"\n<p><a href=\"https:\/\/foerderverein-knowledge.de\/wp-content\/uploads\/2026\/03\/Antrag-auf-Mitgliedschaft.pdf\" data-type=\"attachment\" data-id=\"146\">Antrag auf Mitgliedschaft<\/a><\/p>\n\n\n\n<p><a href=\"https:\/\/foerderverein-knowledge.de\/wp-content\/uploads\/2026\/02\/SEPA-Lastschriftmandat.pdf\" data-type=\"attachment\" data-id=\"123\">SEPA-Mandat<\/a><\/p>\n\n\n\n<p>Spenden sind auch ohne Mitgliedschaft \u00fcber folgendes Spendenkonto m\u00f6glich:<br>F\u00d6RDERVEREIN DER KNOWLEDGE, INTERNATIONAL SCHOOL<br>IBAN: DE44 4145 0075 0101 1434 36<br>BIC: WELADED1SOS<\/p>\n\n\n\n<p>Ben\u00f6tigen Sie eine Spendenbescheinigung, kontaktieren Sie uns gerne \u00fcber folgende Mail-Adresse:<br><a href=\"mailto:knowledge.school@freenet.de\">knowledge.school@freenet.de<\/a><\/p>\n","protected":false},"excerpt":{"rendered":"<p>Antrag auf Mitgliedschaft SEPA-Mandat Spenden sind auch ohne Mitgliedschaft \u00fcber folgendes Spendenkonto m\u00f6glich:F\u00d6RDERVEREIN DER KNOWLEDGE, INTERNATIONAL SCHOOLIBAN: DE44 4145 0075 0101 1434 36BIC: WELADED1SOS Ben\u00f6tigen Sie eine Spendenbescheinigung, kontaktieren Sie uns gerne \u00fcber folgende Mail-Adresse:knowledge.school@freenet.de<\/p>\n","protected":false},"author":1,"featured_media":0,"parent":0,"menu_order":0,"comment_status":"closed","ping_status":"closed","template":"","meta":{"footnotes":""},"class_list":["post-130","page","type-page","status-publish","hentry"],"_links":{"self":[{"href":"https:\/\/foerderverein-knowledge.de\/index.php?rest_route=\/wp\/v2\/pages\/130","targetHints":{"allow":["GET"]}}],"collection":[{"href":"https:\/\/foerderverein-knowledge.de\/index.php?rest_route=\/wp\/v2\/pages"}],"about":[{"href":"https:\/\/foerderverein-knowledge.de\/index.php?rest_route=\/wp\/v2\/types\/page"}],"author":[{"embeddable":true,"href":"https:\/\/foerderverein-knowledge.de\/index.php?rest_route=\/wp\/v2\/users\/1"}],"replies":[{"embeddable":true,"href":"https:\/\/foerderverein-knowledge.de\/index.php?rest_route=%2Fwp%2Fv2%2Fcomments&post=130"}],"version-history":[{"count":7,"href":"https:\/\/foerderverein-knowledge.de\/index.php?rest_route=\/wp\/v2\/pages\/130\/revisions"}],"predecessor-version":[{"id":148,"href":"https:\/\/foerderverein-knowledge.de\/index.php?rest_route=\/wp\/v2\/pages\/130\/revisions\/148"}],"wp:attachment":[{"href":"https:\/\/foerderverein-knowledge.de\/index.php?rest_route=%2Fwp%2Fv2%2Fmedia&parent=130"}],"curies":[{"name":"wp","href":"https:\/\/api.w.org\/{rel}","templated":true}]}}