{"id":112,"date":"2026-02-12T19:46:23","date_gmt":"2026-02-12T18:46:23","guid":{"rendered":"https:\/\/foerderverein-knowledge.de\/?page_id=112"},"modified":"2026-02-15T20:06:11","modified_gmt":"2026-02-15T19:06:11","slug":"impressum","status":"publish","type":"page","link":"https:\/\/foerderverein-knowledge.de\/?page_id=112","title":{"rendered":"Impressum"},"content":{"rendered":"\n<p>F\u00f6rderverein der Knowledge International School in Yaound\u00e9 e.V.<br>D\u00fcster Weg 15<br>59494 Soest<\/p>\n\n\n\n<p>Vertretungsberechtigter Vorstand:<br>Annalena Kleineberg (Vorsitzende)<br>Bilga Mich\u00e8le Medjeu Djiokou (stellvertretende Vorsitzende)<br>Imke Jacobs (Kassiererin)<\/p>\n\n\n\n<p>Registergericht: Amtsgericht Arnsberg<br>Registernummer: 2403<\/p>\n\n\n\n<p>E-Mail: knowledge.school@freenet.de<br>Internet: foerderverein-knowledge.de<\/p>\n","protected":false},"excerpt":{"rendered":"<p>F\u00f6rderverein der Knowledge International School in Yaound\u00e9 e.V.D\u00fcster Weg 1559494 Soest Vertretungsberechtigter Vorstand:Annalena Kleineberg (Vorsitzende)Bilga Mich\u00e8le Medjeu Djiokou (stellvertretende Vorsitzende)Imke Jacobs (Kassiererin) Registergericht: Amtsgericht ArnsbergRegisternummer: 2403 E-Mail: knowledge.school@freenet.deInternet: foerderverein-knowledge.de<\/p>\n","protected":false},"author":1,"featured_media":0,"parent":0,"menu_order":0,"comment_status":"closed","ping_status":"closed","template":"","meta":{"footnotes":""},"class_list":["post-112","page","type-page","status-publish","hentry"],"_links":{"self":[{"href":"https:\/\/foerderverein-knowledge.de\/index.php?rest_route=\/wp\/v2\/pages\/112","targetHints":{"allow":["GET"]}}],"collection":[{"href":"https:\/\/foerderverein-knowledge.de\/index.php?rest_route=\/wp\/v2\/pages"}],"about":[{"href":"https:\/\/foerderverein-knowledge.de\/index.php?rest_route=\/wp\/v2\/types\/page"}],"author":[{"embeddable":true,"href":"https:\/\/foerderverein-knowledge.de\/index.php?rest_route=\/wp\/v2\/users\/1"}],"replies":[{"embeddable":true,"href":"https:\/\/foerderverein-knowledge.de\/index.php?rest_route=%2Fwp%2Fv2%2Fcomments&post=112"}],"version-history":[{"count":2,"href":"https:\/\/foerderverein-knowledge.de\/index.php?rest_route=\/wp\/v2\/pages\/112\/revisions"}],"predecessor-version":[{"id":137,"href":"https:\/\/foerderverein-knowledge.de\/index.php?rest_route=\/wp\/v2\/pages\/112\/revisions\/137"}],"wp:attachment":[{"href":"https:\/\/foerderverein-knowledge.de\/index.php?rest_route=%2Fwp%2Fv2%2Fmedia&parent=112"}],"curies":[{"name":"wp","href":"https:\/\/api.w.org\/{rel}","templated":true}]}}